{"id":7,"date":"2017-10-25T06:51:02","date_gmt":"2017-10-25T06:51:02","guid":{"rendered":"http:\/\/laprocr.com\/?page_id=7"},"modified":"2025-07-24T01:32:12","modified_gmt":"2025-07-24T07:32:12","slug":"home","status":"publish","type":"page","link":"http:\/\/laprocr.com\/?page_id=7","title":{"rendered":"Servicios"},"content":{"rendered":"<p style=\"font-weight: 400;\"><strong>La\u2019 Pro<\/strong> se enfoca a brindar los servicios de creatividad, publicidad, asesor\u00eda y capacitaci\u00f3n en comunicaci\u00f3n, locuci\u00f3n y producci\u00f3n multimedia, detallados a continuaci\u00f3n:<\/p>\n\n\n<ul class=\"wp-block-list\">\n<li><strong>Creatividad y Publicidad: <\/strong>Conceptualizaci\u00f3n de proyectos de comunicaci\u00f3n, campa\u00f1as de publicidad, guiones de anuncios (para radio, televisi\u00f3n y medios digitales).<\/li>\n<\/ul>\n\n\n\n<ul class=\"wp-block-list\">\n<li><strong>Asesor\u00eda y capacitaci\u00f3n en comunicaci\u00f3n:<\/strong> Capacitaci\u00f3n en t\u00e9cnicas de locuci\u00f3n y comunicaci\u00f3n (individual y grupal).<\/li>\n<\/ul>\n\n\n\n<ul class=\"wp-block-list\">\n<li><strong>Producci\u00f3n multimedia:<\/strong> Locuci\u00f3n comercial, promocional, institucional, voice-over, voces de car\u00e1cter y doblajes (en espa\u00f1ol \/ ingl\u00e9s).<br><br>Grabaci\u00f3n y edici\u00f3n de audio y video.<br>Creaci\u00f3n de ambientes sonoros para comerciales o eventos.<\/li>\n<\/ul>\n\n\n\n<ul class=\"wp-block-list\">\n<li><strong>Gesti\u00f3n de proyectos de comunicaci\u00f3n.<\/strong><\/li>\n<\/ul>\n\n\n\n<p><\/p>\n\n\n\n<p><\/p>\n","protected":false},"excerpt":{"rendered":"<p>La\u2019 Pro se enfoca a brindar los servicios de creatividad, publicidad, asesor\u00eda y capacitaci\u00f3n en comunicaci\u00f3n, locuci\u00f3n y producci\u00f3n multimedia, detallados a continuaci\u00f3n:<\/p>\n","protected":false},"author":1,"featured_media":416,"parent":0,"menu_order":0,"comment_status":"closed","ping_status":"closed","template":"","meta":{"_coblocks_attr":"","_coblocks_dimensions":"","_coblocks_responsive_height":"","_coblocks_accordion_ie_support":"","footnotes":""},"class_list":["post-7","page","type-page","status-publish","has-post-thumbnail","hentry"],"aioseo_notices":[],"_links":{"self":[{"href":"http:\/\/laprocr.com\/index.php?rest_route=\/wp\/v2\/pages\/7","targetHints":{"allow":["GET"]}}],"collection":[{"href":"http:\/\/laprocr.com\/index.php?rest_route=\/wp\/v2\/pages"}],"about":[{"href":"http:\/\/laprocr.com\/index.php?rest_route=\/wp\/v2\/types\/page"}],"author":[{"embeddable":true,"href":"http:\/\/laprocr.com\/index.php?rest_route=\/wp\/v2\/users\/1"}],"replies":[{"embeddable":true,"href":"http:\/\/laprocr.com\/index.php?rest_route=%2Fwp%2Fv2%2Fcomments&post=7"}],"version-history":[{"count":7,"href":"http:\/\/laprocr.com\/index.php?rest_route=\/wp\/v2\/pages\/7\/revisions"}],"predecessor-version":[{"id":404,"href":"http:\/\/laprocr.com\/index.php?rest_route=\/wp\/v2\/pages\/7\/revisions\/404"}],"wp:featuredmedia":[{"embeddable":true,"href":"http:\/\/laprocr.com\/index.php?rest_route=\/wp\/v2\/media\/416"}],"wp:attachment":[{"href":"http:\/\/laprocr.com\/index.php?rest_route=%2Fwp%2Fv2%2Fmedia&parent=7"}],"curies":[{"name":"wp","href":"https:\/\/api.w.org\/{rel}","templated":true}]}}